{"id":9791,"date":"2025-01-09T10:45:26","date_gmt":"2025-01-09T13:45:26","guid":{"rendered":"https:\/\/shop.made4it.com.br\/made4graph-tr069\/"},"modified":"2025-02-25T11:09:38","modified_gmt":"2025-02-25T14:09:38","slug":"made4graph-tr069","status":"publish","type":"product","link":"https:\/\/shop.made4it.com.br\/en\/product\/made4graph-tr069\/","title":{"rendered":"Made4Graph &#8211; TR069"},"content":{"rendered":"<h2>Made4Graph com TR069<\/h2>\n<p>Al\u00e9m de todas as funcionalidades do Made4Graph, esta vers\u00e3o inclui suporte ao protocolo TR069, que permite a mudan\u00e7a remota do nome (SSID) e senha do Wi-Fi do cliente, atualiza\u00e7\u00e3o de configura\u00e7\u00f5es ou firmware de equipamentos, e diagn\u00f3sticos de dispositivos conectados. Com o TR069, a gest\u00e3o das configura\u00e7\u00f5es da CPE do cliente torna-se ainda mais eficiente e centralizada, proporcionando uma experi\u00eancia de gerenciamento de rede superior e simplificada.<\/p>","protected":false},"excerpt":{"rendered":"<h2>Made4Graph com TR069<\/h2>\n<p><strong>O Made4Graph com TR069<\/strong> inclui todas as funcionalidades do Made4Graph, al\u00e9m de suporte ao protocolo TR069 para gest\u00e3o remota de configura\u00e7\u00f5es e diagn\u00f3sticos de dispositivos.<\/p>","protected":false},"featured_media":9879,"comment_status":"open","ping_status":"closed","template":"","meta":{"_acf_changed":false,"_joinchat":[],"_links_to":"","_links_to_target":""},"product_brand":[],"product_cat":[420,408],"product_tag":[426,424,427,421,423,422,425],"class_list":{"0":"post-9791","1":"product","2":"type-product","3":"status-publish","4":"has-post-thumbnail","6":"product_cat-made4graph","7":"product_cat-software","8":"product_tag-acs","9":"product_tag-gerencia-de-clientes","10":"product_tag-made4acs","11":"product_tag-made4graph","12":"product_tag-pppoe","13":"product_tag-softwares","14":"product_tag-tr069","16":"first","17":"instock","18":"virtual","19":"purchasable","20":"product-type-simple"},"acf":[],"_links":{"self":[{"href":"https:\/\/shop.made4it.com.br\/en\/wp-json\/wp\/v2\/product\/9791","targetHints":{"allow":["GET"]}}],"collection":[{"href":"https:\/\/shop.made4it.com.br\/en\/wp-json\/wp\/v2\/product"}],"about":[{"href":"https:\/\/shop.made4it.com.br\/en\/wp-json\/wp\/v2\/types\/product"}],"replies":[{"embeddable":true,"href":"https:\/\/shop.made4it.com.br\/en\/wp-json\/wp\/v2\/comments?post=9791"}],"version-history":[{"count":1,"href":"https:\/\/shop.made4it.com.br\/en\/wp-json\/wp\/v2\/product\/9791\/revisions"}],"predecessor-version":[{"id":10001,"href":"https:\/\/shop.made4it.com.br\/en\/wp-json\/wp\/v2\/product\/9791\/revisions\/10001"}],"wp:featuredmedia":[{"embeddable":true,"href":"https:\/\/shop.made4it.com.br\/en\/wp-json\/wp\/v2\/media\/9879"}],"wp:attachment":[{"href":"https:\/\/shop.made4it.com.br\/en\/wp-json\/wp\/v2\/media?parent=9791"}],"wp:term":[{"taxonomy":"product_brand","embeddable":true,"href":"https:\/\/shop.made4it.com.br\/en\/wp-json\/wp\/v2\/product_brand?post=9791"},{"taxonomy":"product_cat","embeddable":true,"href":"https:\/\/shop.made4it.com.br\/en\/wp-json\/wp\/v2\/product_cat?post=9791"},{"taxonomy":"product_tag","embeddable":true,"href":"https:\/\/shop.made4it.com.br\/en\/wp-json\/wp\/v2\/product_tag?post=9791"}],"curies":[{"name":"wp","href":"https:\/\/api.w.org\/{rel}","templated":true}]}}