{"id":9786,"date":"2025-01-09T10:45:25","date_gmt":"2025-01-09T13:45:25","guid":{"rendered":"https:\/\/shop.made4it.com.br\/made4flow-analisador-de-netflow-analyzer\/"},"modified":"2025-06-04T15:11:16","modified_gmt":"2025-06-04T18:11:16","slug":"made4flow-analisador-de-netflow-analyzer","status":"publish","type":"product","link":"https:\/\/shop.made4it.com.br\/es\/made4flow-analisador-de-netflow-analyzer\/","title":{"rendered":"Made4Flow \u2013 Analizador de Netflow \u2013 Analizador"},"content":{"rendered":"<h1>Made4Flow \u2013 An\u00e1lisis avanzado del tr\u00e1fico de red<\/h1>\n<p><strong>Made4Flow<\/strong> es una plataforma de an\u00e1lisis avanzada <em>NetFlow<\/em> Desarrollado para proveedores de Internet y empresas que buscan un control total sobre el tr\u00e1fico de su red. Con <strong>Monitoreo en tiempo real<\/strong> y <strong>informaci\u00f3n detallada<\/strong>Made4Flow permite visualizar y gestionar el flujo de datos, identificando cuellos de botella, comportamientos an\u00f3malos y posibles amenazas, como <strong>Ataques DDoS<\/strong>.<\/p>\n<h2>Caracter\u00edsticas y beneficios<\/h2>\n<ul>\n<li>Interfaz intuitiva con paneles personalizables<\/li>\n<li>Informes detallados para tomar decisiones r\u00e1pidas y precisas<\/li>\n<li>Optimizaci\u00f3n de la asignaci\u00f3n de recursos<\/li>\n<li>Seguridad de la red y garant\u00eda del rendimiento<\/li>\n<\/ul>\n<h3>\u00bfPor qu\u00e9 elegir Made4Flow?<\/h3>\n<p>Con Made4Flow, su empresa contar\u00e1 con una soluci\u00f3n robusta para monitorear y proteger proactivamente la red, permiti\u00e9ndole enfocarse en el crecimiento del negocio con la seguridad de un tr\u00e1fico de red controlado y eficiente.<\/p>","protected":false},"excerpt":{"rendered":"<p><strong>Made4Flow<\/strong>:La soluci\u00f3n definitiva para el an\u00e1lisis de tr\u00e1fico y la gesti\u00f3n de red a trav\u00e9s de Netflow<\/p>","protected":false},"featured_media":9873,"comment_status":"open","ping_status":"closed","template":"","meta":{"_acf_changed":false,"_joinchat":[],"_links_to":"","_links_to_target":""},"product_brand":[],"product_cat":[409,408],"product_tag":[413,410,412],"class_list":{"0":"post-9786","1":"product","2":"type-product","3":"status-publish","4":"has-post-thumbnail","6":"product_cat-made4flow","7":"product_cat-software","8":"product_tag-analise-de-trafego","9":"product_tag-netflow","10":"product_tag-software","12":"first","13":"instock","14":"sale","15":"virtual","16":"purchasable","17":"product-type-simple"},"acf":[],"_links":{"self":[{"href":"https:\/\/shop.made4it.com.br\/es\/wp-json\/wp\/v2\/product\/9786","targetHints":{"allow":["GET"]}}],"collection":[{"href":"https:\/\/shop.made4it.com.br\/es\/wp-json\/wp\/v2\/product"}],"about":[{"href":"https:\/\/shop.made4it.com.br\/es\/wp-json\/wp\/v2\/types\/product"}],"replies":[{"embeddable":true,"href":"https:\/\/shop.made4it.com.br\/es\/wp-json\/wp\/v2\/comments?post=9786"}],"version-history":[{"count":1,"href":"https:\/\/shop.made4it.com.br\/es\/wp-json\/wp\/v2\/product\/9786\/revisions"}],"predecessor-version":[{"id":10006,"href":"https:\/\/shop.made4it.com.br\/es\/wp-json\/wp\/v2\/product\/9786\/revisions\/10006"}],"wp:featuredmedia":[{"embeddable":true,"href":"https:\/\/shop.made4it.com.br\/es\/wp-json\/wp\/v2\/media\/9873"}],"wp:attachment":[{"href":"https:\/\/shop.made4it.com.br\/es\/wp-json\/wp\/v2\/media?parent=9786"}],"wp:term":[{"taxonomy":"product_brand","embeddable":true,"href":"https:\/\/shop.made4it.com.br\/es\/wp-json\/wp\/v2\/product_brand?post=9786"},{"taxonomy":"product_cat","embeddable":true,"href":"https:\/\/shop.made4it.com.br\/es\/wp-json\/wp\/v2\/product_cat?post=9786"},{"taxonomy":"product_tag","embeddable":true,"href":"https:\/\/shop.made4it.com.br\/es\/wp-json\/wp\/v2\/product_tag?post=9786"}],"curies":[{"name":"wp","href":"https:\/\/api.w.org\/{rel}","templated":true}]}}