{"id":9787,"date":"2025-01-09T10:45:25","date_gmt":"2025-01-09T13:45:25","guid":{"rendered":"https:\/\/shop.made4it.com.br\/made4flow-analisador-de-netflow-analyzer-e-anti-ddos-premium\/"},"modified":"2025-02-25T11:12:34","modified_gmt":"2025-02-25T14:12:34","slug":"made4flow-analisador-de-netflow-analyzer-e-anti-ddos-premium","status":"publish","type":"product","link":"https:\/\/shop.made4it.com.br\/es\/made4flow-analisador-de-netflow-analyzer-e-anti-ddos-premium\/","title":{"rendered":"Made4Flow \u2013 Analizador de Netflow \u2013 Analizador y Anti-DDoS \u2013 Premium"},"content":{"rendered":"<h1>Made4Flow Premium: an\u00e1lisis y protecci\u00f3n del tr\u00e1fico con asistencia 24 horas al d\u00eda, 7 d\u00edas a la semana<\/h1>\n<p>La nueva licencia de <strong>Made4Flow Premium con soporte mensual<\/strong> ofrece una plataforma completa para la monitorizaci\u00f3n de redes, incluyendo soporte t\u00e9cnico continuo para mayor seguridad y rendimiento. Con este paquete, su equipo cuenta con expertos para <strong>negociaciones de ataque<\/strong>, <strong>comprobaci\u00f3n de falso positivo<\/strong> y optimizaci\u00f3n de <strong>configuraci\u00f3n de herramientas<\/strong>, garantizando una experiencia de usuario personalizada y efectiva.<\/p>\n<h2>Caracter\u00edsticas y beneficios de la licencia admitida<\/h2>\n<ul>\n<li>Entrenamiento personalizado<\/li>\n<li>Asistencia mensual para abordar ataques y amenazas emergentes<\/li>\n<li>Soporte para configurar y ajustar la herramienta seg\u00fan las necesidades de la red.<\/li>\n<li>Comprobaci\u00f3n de falsos positivos: mejora de la precisi\u00f3n del an\u00e1lisis de tr\u00e1fico<\/li>\n<li>Paneles personalizables e informes detallados<\/li>\n<\/ul>\n<h3>\u00bfPara qui\u00e9n es la Licencia Made4Flow con Soporte Mensual?<\/h3>\n<p>Ideal para proveedores de internet y empresas que necesitan soporte t\u00e9cnico especializado en la protecci\u00f3n y monitoreo de sus redes. Con la licencia de soporte mensual de Made4Flow, su red estar\u00e1 siempre acompa\u00f1ada por expertos que garantizan seguridad, precisi\u00f3n y eficiencia.<\/p>","protected":false},"excerpt":{"rendered":"<p><strong>Made4Flow Premium<\/strong>:Soluci\u00f3n completa de an\u00e1lisis de tr\u00e1fico con soporte t\u00e9cnico mensual. Garantice seguridad adicional con asistencia en el manejo de ataques, verificaci\u00f3n de falsos positivos y configuraciones de herramientas.<\/p>","protected":false},"featured_media":9873,"comment_status":"open","ping_status":"closed","template":"","meta":{"_acf_changed":false,"_joinchat":[],"_links_to":"","_links_to_target":""},"product_brand":[],"product_cat":[409,408],"product_tag":[413,411,410,415,412,414],"class_list":{"0":"post-9787","1":"product","2":"type-product","3":"status-publish","4":"has-post-thumbnail","6":"product_cat-made4flow","7":"product_cat-software","8":"product_tag-analise-de-trafego","9":"product_tag-ddos","10":"product_tag-netflow","11":"product_tag-pos-venda","12":"product_tag-software","13":"product_tag-suporte","15":"first","16":"instock","17":"sale","18":"virtual","19":"purchasable","20":"product-type-simple"},"acf":[],"_links":{"self":[{"href":"https:\/\/shop.made4it.com.br\/es\/wp-json\/wp\/v2\/product\/9787","targetHints":{"allow":["GET"]}}],"collection":[{"href":"https:\/\/shop.made4it.com.br\/es\/wp-json\/wp\/v2\/product"}],"about":[{"href":"https:\/\/shop.made4it.com.br\/es\/wp-json\/wp\/v2\/types\/product"}],"replies":[{"embeddable":true,"href":"https:\/\/shop.made4it.com.br\/es\/wp-json\/wp\/v2\/comments?post=9787"}],"version-history":[{"count":1,"href":"https:\/\/shop.made4it.com.br\/es\/wp-json\/wp\/v2\/product\/9787\/revisions"}],"predecessor-version":[{"id":9872,"href":"https:\/\/shop.made4it.com.br\/es\/wp-json\/wp\/v2\/product\/9787\/revisions\/9872"}],"wp:featuredmedia":[{"embeddable":true,"href":"https:\/\/shop.made4it.com.br\/es\/wp-json\/wp\/v2\/media\/9873"}],"wp:attachment":[{"href":"https:\/\/shop.made4it.com.br\/es\/wp-json\/wp\/v2\/media?parent=9787"}],"wp:term":[{"taxonomy":"product_brand","embeddable":true,"href":"https:\/\/shop.made4it.com.br\/es\/wp-json\/wp\/v2\/product_brand?post=9787"},{"taxonomy":"product_cat","embeddable":true,"href":"https:\/\/shop.made4it.com.br\/es\/wp-json\/wp\/v2\/product_cat?post=9787"},{"taxonomy":"product_tag","embeddable":true,"href":"https:\/\/shop.made4it.com.br\/es\/wp-json\/wp\/v2\/product_tag?post=9787"}],"curies":[{"name":"wp","href":"https:\/\/api.w.org\/{rel}","templated":true}]}}