{"id":9789,"date":"2025-01-09T10:45:26","date_gmt":"2025-01-09T13:45:26","guid":{"rendered":"https:\/\/shop.made4it.com.br\/made4graph-basic\/"},"modified":"2025-02-25T11:09:12","modified_gmt":"2025-02-25T14:09:12","slug":"made4graph-basic","status":"publish","type":"product","link":"https:\/\/shop.made4it.com.br\/es\/made4graph-basic\/","title":{"rendered":"Made4Graph &#8211; Basic"},"content":{"rendered":"<h2>Made4Graph &#8211; Basic<\/h2>\n<p><strong>El Made4Graph<\/strong> \u00e9 um software robusto de gerenciamento de clientes finais PPPoE e IPoE. Ele permite consultar a utiliza\u00e7\u00e3o de banda em tempo real, visualizar gr\u00e1ficos hist\u00f3ricos de utiliza\u00e7\u00e3o e realizar testes e libera\u00e7\u00f5es de banda atrav\u00e9s de uma interface web intuitiva. O Made4Graph integra-se com os principais fabricantes de roteadores do mercado, como Huawei, Cisco, Juniper e Mikrotik, oferecendo funcionalidades avan\u00e7adas para otimizar a gest\u00e3o de redes e melhorar a experi\u00eancia do usu\u00e1rio.<\/p>","protected":false},"excerpt":{"rendered":"<h2>Made4Graph &#8211; Basic<\/h2>\n<p><strong>El Made4Graph<\/strong> es un software de gesti\u00f3n de clientes finales PPPoE e IPoE, que permite la monitorizaci\u00f3n en tiempo real y el uso hist\u00f3rico del ancho de banda, con integraci\u00f3n con los principales fabricantes de routers.<\/p>","protected":false},"featured_media":9876,"comment_status":"open","ping_status":"closed","template":"","meta":{"_acf_changed":false,"_joinchat":[],"_links_to":"","_links_to_target":""},"product_brand":[],"product_cat":[420,408],"product_tag":[424,421,423,422],"class_list":{"0":"post-9789","1":"product","2":"type-product","3":"status-publish","4":"has-post-thumbnail","6":"product_cat-made4graph","7":"product_cat-software","8":"product_tag-gerencia-de-clientes","9":"product_tag-made4graph","10":"product_tag-pppoe","11":"product_tag-softwares","13":"first","14":"instock","15":"virtual","16":"purchasable","17":"product-type-simple"},"acf":[],"_links":{"self":[{"href":"https:\/\/shop.made4it.com.br\/es\/wp-json\/wp\/v2\/product\/9789","targetHints":{"allow":["GET"]}}],"collection":[{"href":"https:\/\/shop.made4it.com.br\/es\/wp-json\/wp\/v2\/product"}],"about":[{"href":"https:\/\/shop.made4it.com.br\/es\/wp-json\/wp\/v2\/types\/product"}],"replies":[{"embeddable":true,"href":"https:\/\/shop.made4it.com.br\/es\/wp-json\/wp\/v2\/comments?post=9789"}],"version-history":[{"count":2,"href":"https:\/\/shop.made4it.com.br\/es\/wp-json\/wp\/v2\/product\/9789\/revisions"}],"predecessor-version":[{"id":9999,"href":"https:\/\/shop.made4it.com.br\/es\/wp-json\/wp\/v2\/product\/9789\/revisions\/9999"}],"wp:featuredmedia":[{"embeddable":true,"href":"https:\/\/shop.made4it.com.br\/es\/wp-json\/wp\/v2\/media\/9876"}],"wp:attachment":[{"href":"https:\/\/shop.made4it.com.br\/es\/wp-json\/wp\/v2\/media?parent=9789"}],"wp:term":[{"taxonomy":"product_brand","embeddable":true,"href":"https:\/\/shop.made4it.com.br\/es\/wp-json\/wp\/v2\/product_brand?post=9789"},{"taxonomy":"product_cat","embeddable":true,"href":"https:\/\/shop.made4it.com.br\/es\/wp-json\/wp\/v2\/product_cat?post=9789"},{"taxonomy":"product_tag","embeddable":true,"href":"https:\/\/shop.made4it.com.br\/es\/wp-json\/wp\/v2\/product_tag?post=9789"}],"curies":[{"name":"wp","href":"https:\/\/api.w.org\/{rel}","templated":true}]}}