{"id":9793,"date":"2025-01-09T10:45:26","date_gmt":"2025-01-09T13:45:26","guid":{"rendered":"https:\/\/shop.made4it.com.br\/made4graph-premium\/"},"modified":"2025-02-25T11:12:01","modified_gmt":"2025-02-25T14:12:01","slug":"made4graph-premium","status":"publish","type":"product","link":"https:\/\/shop.made4it.com.br\/es\/made4graph-premium\/","title":{"rendered":"Made4Graph &#8211; Premium"},"content":{"rendered":"<h2>Made4Graph Premium<\/h2>\n<p>La versi\u00f3n Premium de Made4Graph ofrece una soluci\u00f3n completa para la gesti\u00f3n de redes. Incluye todas las funcionalidades de Made4Graph con TR069, adem\u00e1s de capacitaci\u00f3n personalizada para su equipo, soporte completo para la implementaci\u00f3n del software, acceso a un grupo exclusivo de WhatsApp para soporte continuo y soporte mensual para resolver cualquier problema relacionado con la herramienta. Esta versi\u00f3n garantiza que su equipo est\u00e9 completamente capacitado y que la gesti\u00f3n de la red se realice de manera eficiente y sin interrupciones.<\/p>","protected":false},"excerpt":{"rendered":"<h2>Made4Graph Premium<\/h2>\n<p><strong>El Premium Made4Graph<\/strong> incluye todas las funcionalidades de Made4Graph con TR069, adem\u00e1s de capacitaci\u00f3n personalizada, soporte completo de implementaci\u00f3n, grupo exclusivo de WhatsApp y soporte mensual.<\/p>","protected":false},"featured_media":9876,"comment_status":"open","ping_status":"closed","template":"","meta":{"_acf_changed":false,"_joinchat":[],"_links_to":"","_links_to_target":""},"product_brand":[],"product_cat":[420,408],"product_tag":[426,424,427,421,423,422,428,425],"class_list":{"0":"post-9793","1":"product","2":"type-product","3":"status-publish","4":"has-post-thumbnail","6":"product_cat-made4graph","7":"product_cat-software","8":"product_tag-acs","9":"product_tag-gerencia-de-clientes","10":"product_tag-made4acs","11":"product_tag-made4graph","12":"product_tag-pppoe","13":"product_tag-softwares","14":"product_tag-suporte-premium","15":"product_tag-tr069","17":"first","18":"instock","19":"virtual","20":"purchasable","21":"product-type-simple"},"acf":[],"_links":{"self":[{"href":"https:\/\/shop.made4it.com.br\/es\/wp-json\/wp\/v2\/product\/9793","targetHints":{"allow":["GET"]}}],"collection":[{"href":"https:\/\/shop.made4it.com.br\/es\/wp-json\/wp\/v2\/product"}],"about":[{"href":"https:\/\/shop.made4it.com.br\/es\/wp-json\/wp\/v2\/types\/product"}],"replies":[{"embeddable":true,"href":"https:\/\/shop.made4it.com.br\/es\/wp-json\/wp\/v2\/comments?post=9793"}],"version-history":[{"count":3,"href":"https:\/\/shop.made4it.com.br\/es\/wp-json\/wp\/v2\/product\/9793\/revisions"}],"predecessor-version":[{"id":10002,"href":"https:\/\/shop.made4it.com.br\/es\/wp-json\/wp\/v2\/product\/9793\/revisions\/10002"}],"wp:featuredmedia":[{"embeddable":true,"href":"https:\/\/shop.made4it.com.br\/es\/wp-json\/wp\/v2\/media\/9876"}],"wp:attachment":[{"href":"https:\/\/shop.made4it.com.br\/es\/wp-json\/wp\/v2\/media?parent=9793"}],"wp:term":[{"taxonomy":"product_brand","embeddable":true,"href":"https:\/\/shop.made4it.com.br\/es\/wp-json\/wp\/v2\/product_brand?post=9793"},{"taxonomy":"product_cat","embeddable":true,"href":"https:\/\/shop.made4it.com.br\/es\/wp-json\/wp\/v2\/product_cat?post=9793"},{"taxonomy":"product_tag","embeddable":true,"href":"https:\/\/shop.made4it.com.br\/es\/wp-json\/wp\/v2\/product_tag?post=9793"}],"curies":[{"name":"wp","href":"https:\/\/api.w.org\/{rel}","templated":true}]}}